{"id":10568,"date":"2023-01-15T12:22:05","date_gmt":"2023-01-15T09:22:05","guid":{"rendered":"https:\/\/www.ava-sadoun.com\/?page_id=10568"},"modified":"2024-03-03T12:03:41","modified_gmt":"2024-03-03T09:03:41","slug":"formation-maquillage-permanent","status":"publish","type":"page","link":"https:\/\/www.ava-sadoun.com\/en\/formation-maquillage-permanent\/","title":{"rendered":"Formation Maquillage Permanent"},"content":{"rendered":"<p>[vc_row][vc_column width=&#8221;1\/3&#8243;]<div class=\"mkdf-iwt clearfix  mkdf-iwt-icon-top mkdf-iwt-icon-medium\">\n    <div class=\"mkdf-iwt-icon\">\n                                    <img decoding=\"async\" width=\"100\" height=\"100\" src=\"https:\/\/www.ava-sadoun.com\/wp-content\/uploads\/2024\/03\/medal--e1709451273599.png\" class=\"attachment-full size-full\" alt=\"\" \/>                            <\/div>\n    <div class=\"mkdf-iwt-content\" >\n                <h4 class=\"mkdf-iwt-title\" >\n                    <span class=\"mkdf-iwt-title-text\">Apprenez d&#039;une Experte<\/span>\n                <\/h4>\n                <p class=\"mkdf-iwt-text\" >Apprenez avec Ava, une professionnelle reconnue dans le domaine du Microblading. Gagnante TOP 3 du concours Microblading Isra\u00ebl 2023<\/p>\n    <\/div>\n<\/div>[\/vc_column][vc_column width=&#8221;1\/3&#8243;]<div class=\"mkdf-iwt clearfix  mkdf-iwt-icon-top mkdf-iwt-icon-medium\">\n    <div class=\"mkdf-iwt-icon\">\n                                    <img decoding=\"async\" width=\"100\" height=\"100\" src=\"https:\/\/www.ava-sadoun.com\/wp-content\/uploads\/2024\/03\/eyebrow-e1709451296714.png\" class=\"attachment-full size-full\" alt=\"\" \/>                            <\/div>\n    <div class=\"mkdf-iwt-content\" >\n                <h4 class=\"mkdf-iwt-title\" >\n                    <span class=\"mkdf-iwt-title-text\">Plus de 30H de formation<\/span>\n                <\/h4>\n                <p class=\"mkdf-iwt-text\" >7 sessions intensives r\u00e9parties en th\u00e9orie, pratique et perfectionnement pour ma\u00eetriser l\u2019art du maquillage permanent.<\/p>\n    <\/div>\n<\/div>[\/vc_column][vc_column width=&#8221;1\/3&#8243;]<div class=\"mkdf-iwt clearfix  mkdf-iwt-icon-top mkdf-iwt-icon-medium\">\n    <div class=\"mkdf-iwt-icon\">\n                                    <img decoding=\"async\" width=\"100\" height=\"100\" src=\"https:\/\/www.ava-sadoun.com\/wp-content\/uploads\/2024\/03\/bag-e1709451300836.png\" class=\"attachment-full size-full\" alt=\"\" \/>                            <\/div>\n    <div class=\"mkdf-iwt-content\" >\n                <h4 class=\"mkdf-iwt-title\" >\n                    <span class=\"mkdf-iwt-title-text\">Kit de D\u00e9marrage Complet<\/span>\n                <\/h4>\n                <p class=\"mkdf-iwt-text\" >Recevez un kit de travail personnel avec tout le n\u00e9cessaire pour d\u00e9buter, capable de servir jusqu\u2019\u00e0 20 clients. Valeur du KIT : +3500NIS<\/p>\n    <\/div>\n<\/div>[\/vc_column][\/vc_row][vc_row content_text_aligment=&#8221;center&#8221; css=&#8221;.vc_custom_1604226389710{margin-top: 5% !important;margin-bottom: 5% !important;padding-top: 54px !important;padding-bottom: 54px !important;border-radius: 3px !important;}&#8221; simple_background_color=&#8221;#282828&#8243;][vc_column]<div class=\"mkdf-info-section  mkdf-light mkdf-center\">\n\n            <var class=\"mkdf-is-background-text\" style=\"font-size:120px\" id=\"mkdf-is-background-text-957\" data-font-size=\"40\">\n        Ava Sadoun        <\/var>\n    \n    <div class=\"mkdf-is-inner\" style=\"padding-top:60px;width:100%\">\n\n                    <var class=\"mkdf-is-subtitle\">\n            Devenez Experte            <\/var>\n        \n                    <h3 class=\"mkdf-is-title\">\n            Formation Certifi\u00e9e et Rembours\u00e9e par le Mishrat Aklita            <\/h3>\n        \n        \n                    <div class=\"mkdf-is-button\" style=\"margin-top:-8px\">\n                <a itemprop=\"url\" href=\"https:\/\/wa.me\/972586292861?text=J%27aimerais%20en%20savoir%20plus%20sur%20la%20formation\" target=\"_self\" style=\"color: #ffffff;border-color: #ffffff\" class=\"mkdf-btn mkdf-btn-medium mkdf-btn-outline\"  >    <span class=\"mkdf-btn-text\">Contactez-Nous<\/span>    <\/a>            <\/div>\n        \n    <\/div>\n<\/div>[\/vc_column][\/vc_row][vc_row css=&#8221;.vc_custom_1709452560569{margin-top: 40px !important;}&#8221;][vc_column][vc_text_separator title=&#8221;Programme de la formation&#8221; border_width=&#8221;2&#8243;][vc_column_text]<\/p>\n<div>\n<p>Transformez votre passion en profession avec notre formation intensive de microblading et de maquillage permanent, \u00e9tal\u00e9e sur 7 semaines captivantes. Chaque semaine, plongez dans une session immersive de 10h \u00e0 14h, con\u00e7ue pour vous propulser vers l&#8217;excellence.<\/p>\n<h4>Session n\u00b01 : Th\u00e9orie et Fondamentaux<\/h4>\n<ul>\n<li>Introduction au PMU et au microblading : d\u00e9finitions et distinctions.<\/li>\n<li>Les bases de la micropigmentation.<\/li>\n<li>Ma\u00eetrise de la pigmentologie : adapter le pigment \u00e0 la carnation.<\/li>\n<li>Personnalisation de la proc\u00e9dure : choisir la technique ad\u00e9quate pour chaque client.<\/li>\n<\/ul>\n<h4>Session n\u00b02 : Approfondissement Th\u00e9orique<\/h4>\n<ul>\n<li>Hygi\u00e8ne et S\u00e9curit\u00e9 : les pratiques essentielles.<\/li>\n<li>D\u00e9couverte et maniement du mat\u00e9riel : aiguilles, machines et protocoles.<\/li>\n<li>Techniques de dessin en microblading : ma\u00eetriser l&#8217;art du d\u00e9tail.<\/li>\n<li>Pr\u00e9cision avec la machine de maquillage permanent.<\/li>\n<\/ul>\n<h4>Session n\u00b03 : Exercice Pratique<\/h4>\n<ul>\n<li>Initiation pratique : travaux sur papier et latex.<\/li>\n<li>Exploration des techniques de base.<\/li>\n<\/ul>\n<h4>Session n\u00b04 : Cas Pratiques<\/h4>\n<ul>\n<li>D\u00e9monstration pas \u00e0 pas d&#8217;un microblading avec Ava.<\/li>\n<li>Application pas \u00e0 pas d&#8217;un maquillage permanent effet poudre avec Ava.<\/li>\n<li>S\u00e9ance de Questions\/R\u00e9ponses.<\/li>\n<li>Supports multim\u00e9dia : photos et vid\u00e9os enrichissantes.<\/li>\n<\/ul>\n<h4>Session n\u00b05 : Premi\u00e8re Exp\u00e9rience Microblading<\/h4>\n<ul>\n<li>Premi\u00e8re application sur cliente : microblading en conditions r\u00e9elles.<\/li>\n<li>Validation et affinement des comp\u00e9tences \u00e9tape par \u00e9tape.<\/li>\n<\/ul>\n<h4>Session n\u00b06 : Premi\u00e8re Exp\u00e9rience Maquillage Permanent Effet Poudre<\/h4>\n<ul>\n<li>Pratique sur premi\u00e8re cliente en technique poudre : perfectionnement en direct.<\/li>\n<li>Assurance et pr\u00e9cision : validation des proc\u00e9dures \u00e9tape par \u00e9tape.<\/li>\n<\/ul>\n<h4>Session n\u00b07 : Conclusion et Certification<\/h4>\n<ul>\n<li>Session interactive de Questions\/R\u00e9ponses.<\/li>\n<li>\u00c9valuation finale des comp\u00e9tences acquises.<\/li>\n<li>Observation des r\u00e9sultats de cicatrisation sur les premi\u00e8res applications.<\/li>\n<li>C\u00e9l\u00e9bration de votre r\u00e9ussite : remise du dipl\u00f4me.<\/li>\n<\/ul>\n<\/div>\n<p>[\/vc_column_text][\/vc_column][\/vc_row][vc_row css=&#8221;.vc_custom_1709455947033{margin-top: 40px !important;margin-bottom: 40px !important;}&#8221;][vc_column width=&#8221;1\/6&#8243;][\/vc_column][vc_column width=&#8221;2\/3&#8243;][vc_cta h2=&#8221;N&#8217;attendez-plus&#8221; txt_align=&#8221;center&#8221; style=&#8221;flat&#8221; color=&#8221;black&#8221; add_button=&#8221;bottom&#8221; btn_title=&#8221;Inscrivez-vous !&#8221; btn_color=&#8221;white&#8221; btn_size=&#8221;lg&#8221; btn_align=&#8221;center&#8221; btn_link=&#8221;url:https%3A%2F%2Fwa.me%2F972586292861%3Ftext%3DJ&#8217;aimerais%2520en%2520savoir%2520plus%2520sur%2520la%2520formation|title:En%20Savoir%20Plus||&#8221;][\/vc_cta][\/vc_column][vc_column width=&#8221;1\/6&#8243;][\/vc_column][\/vc_row][vc_row css=&#8221;.vc_custom_1709452560569{margin-top: 40px !important;}&#8221;][vc_column][vc_text_separator title=&#8221;Qu&#8217;est Que comprend le kit de d\u00e9marrage ?&#8221; border_width=&#8221;2&#8243;][vc_column_text]<\/p>\n<div>\n<p>Recevez une mallette de travail compl\u00e8te, \u00e9quip\u00e9e de mat\u00e9riel haut de gamme, con\u00e7ue pour vous accompagner dans la r\u00e9alisation de vos 20 premi\u00e8res transformations beaut\u00e9.<\/p>\n<ul>\n<li>Machine de maquillage permanent haut de gamme.<\/li>\n<li>Kit complet d&#8217;aiguilles de pr\u00e9cision.<\/li>\n<li>Stylo de microblading ergonomique pour une application fluide.<\/li>\n<li>Lames nanoblade de haute qualit\u00e9, pour des trac\u00e9s fins et pr\u00e9cis.<\/li>\n<li>Palette de 5 pigments essentiels (Noir, Marron, Blond, Vert, Base) pour une gamme vari\u00e9e de looks.<\/li>\n<li>Cups \u00e0 encre pour une pr\u00e9paration facile et hygi\u00e9nique.<\/li>\n<li>Support pour cups, optimisant l&#8217;organisation de votre espace de travail.<\/li>\n<li>Visage d&#8217;entra\u00eenement 3D, pour une pratique r\u00e9aliste.<\/li>\n<li>Visage d&#8217;entra\u00eenement \u00e0 plat, pour affiner votre technique.<\/li>\n<li>Fil de mappage pour des designs pr\u00e9cis et sym\u00e9triques.<\/li>\n<li>Marqueur Posca blanc, id\u00e9al pour les marquages pr\u00e9liminaires.<\/li>\n<li>Pince \u00e0 \u00e9piler de pr\u00e9cision, pour des ajustements d\u00e9licats.<\/li>\n<li>Brosse \u00e0 sourcils professionnelle, pour des finitions impeccables.<\/li>\n<li>Mallette de rangement \u00e9l\u00e9gante, pour garder votre \u00e9quipement organis\u00e9 et prot\u00e9g\u00e9.<\/li>\n<\/ul>\n<p>Cette mallette a \u00e9t\u00e9 sp\u00e9cialement con\u00e7ue pour les professionnels exigeants, d\u00e9sireux de fournir des r\u00e9sultats exceptionnels \u00e0 leurs clients, avec tout le n\u00e9cessaire \u00e0 port\u00e9e de main.<\/p>\n<\/div>\n<p>[\/vc_column_text][\/vc_column][\/vc_row][vc_row css=&#8221;.vc_custom_1709452560569{margin-top: 40px !important;}&#8221;][vc_column][vc_text_separator title=&#8221;Quel est le prix de la formation ?&#8221; border_width=&#8221;2&#8243;][vc_column_text]<\/p>\n<div>\n<p>Investissez dans votre avenir avec notre programme complet de formation et b\u00e9n\u00e9ficiez d&#8217;un accompagnement \u00e0 distance pendant 3 mois, le tout pour seulement 13 000 NIS TTC. Une opportunit\u00e9 incontournable pour propulser votre carri\u00e8re au niveau sup\u00e9rieur.<\/p>\n<p>Et ce n&#8217;est pas tout : si vous \u00eates \u00e9ligible \u00e0 l&#8217;offre du Misrad Aklita, profitez d&#8217;un avantage exceptionnel avec un remboursement de 7 000 NIS. Cette offre r\u00e9duit consid\u00e9rablement votre investissement initial, rendant cette formation hautement qualifi\u00e9e non seulement accessible mais aussi incroyablement avantageuse.<\/p>\n<p>Ne laissez pas passer cette chance unique de vous former avec les experts du secteur, tout en b\u00e9n\u00e9ficiant d&#8217;un soutien continu pour assurer votre succ\u00e8s.<\/p>\n<\/div>\n<p>[\/vc_column_text][\/vc_column][\/vc_row][vc_row css=&#8221;.vc_custom_1709455947033{margin-top: 40px !important;margin-bottom: 40px !important;}&#8221;][vc_column width=&#8221;1\/6&#8243;][\/vc_column][vc_column width=&#8221;2\/3&#8243;][vc_cta h2=&#8221;N&#8217;attendez-plus&#8221; txt_align=&#8221;center&#8221; style=&#8221;flat&#8221; color=&#8221;black&#8221; add_button=&#8221;bottom&#8221; btn_title=&#8221;Inscrivez-vous !&#8221; btn_color=&#8221;white&#8221; btn_size=&#8221;lg&#8221; btn_align=&#8221;center&#8221; btn_link=&#8221;url:https%3A%2F%2Fwa.me%2F972586292861%3Ftext%3DJ&#8217;aimerais%2520en%2520savoir%2520plus%2520sur%2520la%2520formation|title:En%20Savoir%20Plus||&#8221;][\/vc_cta][\/vc_column][vc_column width=&#8221;1\/6&#8243;][\/vc_column][\/vc_row][vc_row][vc_column css=&#8221;.vc_custom_1604226743541{margin-top: 10px !important;}&#8221;][vc_column_text]<\/p>\n<h3 class=\"elementor-heading-title elementor-size-default\">Les avis de nos clientes<\/h3>\n<p><style>#wprev-slider-1 .wprev_preview_bradius_T1 {border-radius: 15px;}#wprev-slider-1 .wprev_preview_bg1_T1 {background:#0a0a0a;}#wprev-slider-1 .wprev_preview_tcolor1_T1 {color:#ffffff;}#wprev-slider-1 .wprev_preview_tcolor2_T1 {color:#c59d5f;}#wprev-slider-1 .wprev_preview_bg1_T1::after{ border-top: 30px solid #0a0a0a; }<\/style><style><\/style><div class=\"wprev-no-slider revnotsameheight\" id=\"wprev-slider-1\">\t\t<div class=\"wprevpro_t1_outer_div w3_wprs-row-padding\">\r\n\t\t\t\t<div class=\"wprevpro_t1_DIV_1 w3_wprs-col l3\">\r\n\t\t\t<div class=\"indrevdiv wprevpro_t1_DIV_2 wprev_preview_bg1_T1 wprev_preview_tcolor1_T1 wprev_preview_bradius_T1\">\r\n\t\t\t\t<p class=\"wprevpro_t1_P_3 wprev_preview_tcolor1_T1\">\r\n\t\t\t\t\t<span class=\"wprevpro_star_imgs_T1\"><span class=\"starloc1 wprevpro_star_imgs wprevpro_star_imgsloc1\"><span class=\"svgicons svg-wprsp-star\"><\/span><span class=\"svgicons svg-wprsp-star\"><\/span><span class=\"svgicons svg-wprsp-star\"><\/span><span class=\"svgicons svg-wprsp-star\"><\/span><span class=\"svgicons svg-wprsp-star\"><\/span><\/span><\/span>Tr\u00e8s bonne prestation .Ava est tr\u00e8s professionnelle et tr\u00e8s douce .je suis enchant\u00e9e !!a recommander\t\t\t\t<\/p>\r\n\t\t\t\t\t\t\t\t\t\t\t<\/div><span class=\"wprevpro_t1_A_8\"><img decoding=\"async\" src=\"https:\/\/lh3.googleusercontent.com\/a\/AEdFTp6G-V8aq-7qDjsXsb-DHNIpjr8jXcPP38oluLF_=s40-c-c0x00000000-cc-rp-mo-br100\" alt=\"Kaufmann Hannah Avatar\" class=\"wprevpro_t1_IMG_4\" loading=\"lazy\" \/><\/span> <span class=\"wprevpro_t1_SPAN_5 wprev_preview_tcolor2_T1\">Kaufmann Hannah<br\/><span class=\"wprev_showdate_T1\"><\/span> <\/span>\r\n\t\t<\/div>\r\n\t\t\t<div class=\"wprevpro_t1_DIV_1 w3_wprs-col l3\">\r\n\t\t\t<div class=\"indrevdiv wprevpro_t1_DIV_2 wprev_preview_bg1_T1 wprev_preview_tcolor1_T1 wprev_preview_bradius_T1\">\r\n\t\t\t\t<p class=\"wprevpro_t1_P_3 wprev_preview_tcolor1_T1\">\r\n\t\t\t\t\t<span class=\"wprevpro_star_imgs_T1\"><span class=\"starloc1 wprevpro_star_imgs wprevpro_star_imgsloc1\"><span class=\"svgicons svg-wprsp-star\"><\/span><span class=\"svgicons svg-wprsp-star\"><\/span><span class=\"svgicons svg-wprsp-star\"><\/span><span class=\"svgicons svg-wprsp-star\"><\/span><span class=\"svgicons svg-wprsp-star\"><\/span><\/span><\/span>Very talented artist. Loved my eyebrows. She makes us very comfortable during the procedure. Painless procedure and perfect natural look. Highly recommended. Thanks Ava.\u263a\ufe0f\t\t\t\t<\/p>\r\n\t\t\t\t\t\t\t\t\t\t\t<\/div><span class=\"wprevpro_t1_A_8\"><img decoding=\"async\" src=\"https:\/\/lh3.googleusercontent.com\/a-\/AD5-WClmTvieQTOQ9yWDpoAgUtZHyt_ezBLSP55BNtOIAA=s40-c-c0x00000000-cc-rp-mo-br100\" alt=\"GIFTY ROLLYG Avatar\" class=\"wprevpro_t1_IMG_4\" loading=\"lazy\" \/><\/span> <span class=\"wprevpro_t1_SPAN_5 wprev_preview_tcolor2_T1\">GIFTY ROLLYG<br\/><span class=\"wprev_showdate_T1\"><\/span> <\/span>\r\n\t\t<\/div>\r\n\t\t\t<div class=\"wprevpro_t1_DIV_1 w3_wprs-col l3\">\r\n\t\t\t<div class=\"indrevdiv wprevpro_t1_DIV_2 wprev_preview_bg1_T1 wprev_preview_tcolor1_T1 wprev_preview_bradius_T1\">\r\n\t\t\t\t<p class=\"wprevpro_t1_P_3 wprev_preview_tcolor1_T1\">\r\n\t\t\t\t\t<span class=\"wprevpro_star_imgs_T1\"><span class=\"starloc1 wprevpro_star_imgs wprevpro_star_imgsloc1\"><span class=\"svgicons svg-wprsp-star\"><\/span><span class=\"svgicons svg-wprsp-star\"><\/span><span class=\"svgicons svg-wprsp-star\"><\/span><span class=\"svgicons svg-wprsp-star\"><\/span><span class=\"svgicons svg-wprsp-star\"><\/span><\/span><\/span>Ava is such an talented artist. I did permeant eyeliner and eyelash\u2019s lift-up. She is so matriculous with her work and gives me enough explanation what she is working on every single step which made me feel comfortable while I cannot see what she is working on. I am 100% satisfied with my eyeliner and eyelash\u2019s lift-up. Highly recommend!\t\t\t\t<\/p>\r\n\t\t\t\t\t\t\t\t\t\t\t<\/div><span class=\"wprevpro_t1_A_8\"><img decoding=\"async\" src=\"https:\/\/lh3.googleusercontent.com\/a\/AATXAJz09KKVY4XwSduZcgI0uQ90h1s6DuwNPerbKCDE=s40-c-c0x00000000-cc-rp-mo-br100\" alt=\"Urara Yamamuro Avatar\" class=\"wprevpro_t1_IMG_4\" loading=\"lazy\" \/><\/span> <span class=\"wprevpro_t1_SPAN_5 wprev_preview_tcolor2_T1\">Urara Yamamuro<br\/><span class=\"wprev_showdate_T1\"><\/span> <\/span>\r\n\t\t<\/div>\r\n\t\t\t<div class=\"wprevpro_t1_DIV_1 w3_wprs-col l3\">\r\n\t\t\t<div class=\"indrevdiv wprevpro_t1_DIV_2 wprev_preview_bg1_T1 wprev_preview_tcolor1_T1 wprev_preview_bradius_T1\">\r\n\t\t\t\t<p class=\"wprevpro_t1_P_3 wprev_preview_tcolor1_T1\">\r\n\t\t\t\t\t<span class=\"wprevpro_star_imgs_T1\"><span class=\"starloc1 wprevpro_star_imgs wprevpro_star_imgsloc1\"><span class=\"svgicons svg-wprsp-star\"><\/span><span class=\"svgicons svg-wprsp-star\"><\/span><span class=\"svgicons svg-wprsp-star\"><\/span><span class=\"svgicons svg-wprsp-star\"><\/span><span class=\"svgicons svg-wprsp-star\"><\/span><\/span><\/span>Ava is pleasant, professional and gentle. Her clinic is clean, airy and in general just gives you a good feeling. Her work is precise and quick. All in all a wonderful experience and I highly recommend!\t\t\t\t<\/p>\r\n\t\t\t\t\t\t\t\t\t\t\t<\/div><span class=\"wprevpro_t1_A_8\"><img decoding=\"async\" src=\"https:\/\/lh3.googleusercontent.com\/a\/AEdFTp5MwIALzd4V3igvpMYfCe_ncpErpEMEWEdLstiO=s40-c-c0x00000000-cc-rp-mo-br100\" alt=\"Yael Ladenheim Avatar\" class=\"wprevpro_t1_IMG_4\" loading=\"lazy\" \/><\/span> <span class=\"wprevpro_t1_SPAN_5 wprev_preview_tcolor2_T1\">Yael Ladenheim<br\/><span class=\"wprev_showdate_T1\"><\/span> <\/span>\r\n\t\t<\/div>\r\n\t\t<\/div>\r\n<\/div>\r\n[\/vc_column_text][\/vc_column][\/vc_row][vc_row css=&#8221;.vc_custom_1709455947033{margin-top: 40px !important;margin-bottom: 40px !important;}&#8221;][vc_column width=&#8221;1\/6&#8243;][\/vc_column][vc_column width=&#8221;2\/3&#8243;][vc_cta h2=&#8221;N&#8217;attendez-plus&#8221; txt_align=&#8221;center&#8221; style=&#8221;flat&#8221; color=&#8221;black&#8221; add_button=&#8221;bottom&#8221; btn_title=&#8221;Inscrivez-vous !&#8221; btn_color=&#8221;white&#8221; btn_size=&#8221;lg&#8221; btn_align=&#8221;center&#8221; btn_link=&#8221;url:https%3A%2F%2Fwa.me%2F972586292861%3Ftext%3DJ&#8217;aimerais%2520en%2520savoir%2520plus%2520sur%2520la%2520formation|title:En%20Savoir%20Plus||&#8221;][\/vc_cta][\/vc_column][vc_column width=&#8221;1\/6&#8243;][\/vc_column][\/vc_row]<\/p>\n","protected":false},"excerpt":{"rendered":"<p>[vc_row][vc_column width=&#8221;1\/3&#8243;][\/vc_column][vc_column width=&#8221;1\/3&#8243;][\/vc_column][vc_column width=&#8221;1\/3&#8243;][\/vc_column][\/vc_row][vc_row content_text_aligment=&#8221;center&#8221; css=&#8221;.vc_custom_1604226389710{margin-top: 5% !important;margin-bottom: 5% !important;padding-top: 54px !important;padding-bottom: 54px !important;border-radius: 3px !important;}&#8221; simple_background_color=&#8221;#282828&#8243;][vc_column][\/vc_column][\/vc_row][vc_row css=&#8221;.vc_custom_1709452560569{margin-top: 40px !important;}&#8221;][vc_column][vc_text_separator title=&#8221;Programme de la formation&#8221; border_width=&#8221;2&#8243;][vc_column_text] Transformez votre passion en profession avec notre formation intensive de microblading et de maquillage permanent, [&hellip;]<\/p>\n","protected":false},"author":1,"featured_media":0,"parent":0,"menu_order":0,"comment_status":"closed","ping_status":"closed","template":"","meta":{"_joinchat":{"message_text":"Vous souhaitez en savoir plus sur la formation ?","message_send":"Bonjour Ava, J'aimerais en savoir plus sur la formation"},"footnotes":""},"class_list":["post-10568","page","type-page","status-publish","hentry"],"yoast_head":"<!-- This site is optimized with the Yoast SEO plugin v21.1 - https:\/\/yoast.com\/wordpress\/plugins\/seo\/ -->\n<title>Formation Microblading et Maquillage Permanent en Israel<\/title>\n<meta name=\"description\" content=\"Transformez votre passion en profession avec notre formation intensive de microblading et de maquillage permanent, \u00e9tal\u00e9e sur 7 semaines captivantes.\" \/>\n<meta name=\"robots\" content=\"index, follow, max-snippet:-1, max-image-preview:large, max-video-preview:-1\" \/>\n<link rel=\"canonical\" href=\"https:\/\/www.ava-sadoun.com\/en\/formation-maquillage-permanent\/\" \/>\n<meta property=\"og:locale\" content=\"en_US\" \/>\n<meta property=\"og:type\" content=\"article\" \/>\n<meta property=\"og:title\" content=\"Formation Microblading et Maquillage Permanent en Israel\" \/>\n<meta property=\"og:description\" content=\"Transformez votre passion en profession avec notre formation intensive de microblading et de maquillage permanent, \u00e9tal\u00e9e sur 7 semaines captivantes.\" \/>\n<meta property=\"og:url\" content=\"https:\/\/www.ava-sadoun.com\/en\/formation-maquillage-permanent\/\" \/>\n<meta property=\"og:site_name\" content=\"Ava Sadoun | PMU\" \/>\n<meta property=\"article:modified_time\" content=\"2024-03-03T09:03:41+00:00\" \/>\n<meta name=\"twitter:card\" content=\"summary_large_image\" \/>\n<meta name=\"twitter:label1\" content=\"Est. reading time\" \/>\n\t<meta name=\"twitter:data1\" content=\"4 minutes\" \/>\n<script type=\"application\/ld+json\" class=\"yoast-schema-graph\">{\"@context\":\"https:\/\/schema.org\",\"@graph\":[{\"@type\":\"WebPage\",\"@id\":\"https:\/\/www.ava-sadoun.com\/en\/formation-maquillage-permanent\/\",\"url\":\"https:\/\/www.ava-sadoun.com\/en\/formation-maquillage-permanent\/\",\"name\":\"Formation Microblading et Maquillage Permanent en Israel\",\"isPartOf\":{\"@id\":\"https:\/\/www.ava-sadoun.com\/en\/#website\"},\"datePublished\":\"2023-01-15T09:22:05+00:00\",\"dateModified\":\"2024-03-03T09:03:41+00:00\",\"description\":\"Transformez votre passion en profession avec notre formation intensive de microblading et de maquillage permanent, \u00e9tal\u00e9e sur 7 semaines captivantes.\",\"breadcrumb\":{\"@id\":\"https:\/\/www.ava-sadoun.com\/en\/formation-maquillage-permanent\/#breadcrumb\"},\"inLanguage\":\"en-US\",\"potentialAction\":[{\"@type\":\"ReadAction\",\"target\":[\"https:\/\/www.ava-sadoun.com\/en\/formation-maquillage-permanent\/\"]}]},{\"@type\":\"BreadcrumbList\",\"@id\":\"https:\/\/www.ava-sadoun.com\/en\/formation-maquillage-permanent\/#breadcrumb\",\"itemListElement\":[{\"@type\":\"ListItem\",\"position\":1,\"name\":\"Accueil\",\"item\":\"https:\/\/www.ava-sadoun.com\/en\/\"},{\"@type\":\"ListItem\",\"position\":2,\"name\":\"Formation Maquillage Permanent\"}]},{\"@type\":\"WebSite\",\"@id\":\"https:\/\/www.ava-sadoun.com\/en\/#website\",\"url\":\"https:\/\/www.ava-sadoun.com\/en\/\",\"name\":\"Ava Sadoun | PMU\",\"description\":\"Permanent Makeup Artist\",\"potentialAction\":[{\"@type\":\"SearchAction\",\"target\":{\"@type\":\"EntryPoint\",\"urlTemplate\":\"https:\/\/www.ava-sadoun.com\/en\/?s={search_term_string}\"},\"query-input\":\"required name=search_term_string\"}],\"inLanguage\":\"en-US\"}]}<\/script>\n<!-- \/ Yoast SEO plugin. -->","yoast_head_json":{"title":"Formation Microblading et Maquillage Permanent en Israel","description":"Transformez votre passion en profession avec notre formation intensive de microblading et de maquillage permanent, \u00e9tal\u00e9e sur 7 semaines captivantes.","robots":{"index":"index","follow":"follow","max-snippet":"max-snippet:-1","max-image-preview":"max-image-preview:large","max-video-preview":"max-video-preview:-1"},"canonical":"https:\/\/www.ava-sadoun.com\/en\/formation-maquillage-permanent\/","og_locale":"en_US","og_type":"article","og_title":"Formation Microblading et Maquillage Permanent en Israel","og_description":"Transformez votre passion en profession avec notre formation intensive de microblading et de maquillage permanent, \u00e9tal\u00e9e sur 7 semaines captivantes.","og_url":"https:\/\/www.ava-sadoun.com\/en\/formation-maquillage-permanent\/","og_site_name":"Ava Sadoun | PMU","article_modified_time":"2024-03-03T09:03:41+00:00","twitter_card":"summary_large_image","twitter_misc":{"Est. reading time":"4 minutes"},"schema":{"@context":"https:\/\/schema.org","@graph":[{"@type":"WebPage","@id":"https:\/\/www.ava-sadoun.com\/en\/formation-maquillage-permanent\/","url":"https:\/\/www.ava-sadoun.com\/en\/formation-maquillage-permanent\/","name":"Formation Microblading et Maquillage Permanent en Israel","isPartOf":{"@id":"https:\/\/www.ava-sadoun.com\/en\/#website"},"datePublished":"2023-01-15T09:22:05+00:00","dateModified":"2024-03-03T09:03:41+00:00","description":"Transformez votre passion en profession avec notre formation intensive de microblading et de maquillage permanent, \u00e9tal\u00e9e sur 7 semaines captivantes.","breadcrumb":{"@id":"https:\/\/www.ava-sadoun.com\/en\/formation-maquillage-permanent\/#breadcrumb"},"inLanguage":"en-US","potentialAction":[{"@type":"ReadAction","target":["https:\/\/www.ava-sadoun.com\/en\/formation-maquillage-permanent\/"]}]},{"@type":"BreadcrumbList","@id":"https:\/\/www.ava-sadoun.com\/en\/formation-maquillage-permanent\/#breadcrumb","itemListElement":[{"@type":"ListItem","position":1,"name":"Accueil","item":"https:\/\/www.ava-sadoun.com\/en\/"},{"@type":"ListItem","position":2,"name":"Formation Maquillage Permanent"}]},{"@type":"WebSite","@id":"https:\/\/www.ava-sadoun.com\/en\/#website","url":"https:\/\/www.ava-sadoun.com\/en\/","name":"Ava Sadoun | PMU","description":"Permanent Makeup Artist","potentialAction":[{"@type":"SearchAction","target":{"@type":"EntryPoint","urlTemplate":"https:\/\/www.ava-sadoun.com\/en\/?s={search_term_string}"},"query-input":"required name=search_term_string"}],"inLanguage":"en-US"}]}},"_links":{"self":[{"href":"https:\/\/www.ava-sadoun.com\/en\/wp-json\/wp\/v2\/pages\/10568","targetHints":{"allow":["GET"]}}],"collection":[{"href":"https:\/\/www.ava-sadoun.com\/en\/wp-json\/wp\/v2\/pages"}],"about":[{"href":"https:\/\/www.ava-sadoun.com\/en\/wp-json\/wp\/v2\/types\/page"}],"author":[{"embeddable":true,"href":"https:\/\/www.ava-sadoun.com\/en\/wp-json\/wp\/v2\/users\/1"}],"replies":[{"embeddable":true,"href":"https:\/\/www.ava-sadoun.com\/en\/wp-json\/wp\/v2\/comments?post=10568"}],"version-history":[{"count":47,"href":"https:\/\/www.ava-sadoun.com\/en\/wp-json\/wp\/v2\/pages\/10568\/revisions"}],"predecessor-version":[{"id":10624,"href":"https:\/\/www.ava-sadoun.com\/en\/wp-json\/wp\/v2\/pages\/10568\/revisions\/10624"}],"wp:attachment":[{"href":"https:\/\/www.ava-sadoun.com\/en\/wp-json\/wp\/v2\/media?parent=10568"}],"curies":[{"name":"wp","href":"https:\/\/api.w.org\/{rel}","templated":true}]}}